{"id":9,"date":"2016-02-13T03:58:28","date_gmt":"2016-02-13T03:58:28","guid":{"rendered":"http:\/\/hauser-transporte.ch\/?page_id=9"},"modified":"2022-01-20T10:55:46","modified_gmt":"2022-01-20T10:55:46","slug":"ueber-uns","status":"publish","type":"page","link":"http:\/\/hauser-transporte.ch\/?page_id=9","title":{"rendered":"\u00dcber uns"},"content":{"rendered":"\n<div class=\"wp-block-image\"><figure class=\"alignright\"><img loading=\"lazy\" decoding=\"async\" width=\"1024\" height=\"677\" src=\"http:\/\/hauser-transporte.ch\/wp-content\/uploads\/2016\/02\/alle-Lastw-1024x677.jpg\" alt=\"alle-Lastw\" class=\"wp-image-65\" srcset=\"http:\/\/hauser-transporte.ch\/wp-content\/uploads\/2016\/02\/alle-Lastw-1024x677.jpg 1024w, http:\/\/hauser-transporte.ch\/wp-content\/uploads\/2016\/02\/alle-Lastw-300x198.jpg 300w, http:\/\/hauser-transporte.ch\/wp-content\/uploads\/2016\/02\/alle-Lastw-768x508.jpg 768w, http:\/\/hauser-transporte.ch\/wp-content\/uploads\/2016\/02\/alle-Lastw-660x436.jpg 660w, http:\/\/hauser-transporte.ch\/wp-content\/uploads\/2016\/02\/alle-Lastw.jpg 1500w\" sizes=\"(max-width: 1024px) 100vw, 1024px\" \/><\/figure><\/div>\n\n\n\n<p><strong>Aushub \u2013 Kies \u2013 Sand \u2013 Beton<\/strong> <strong>\u2013 Belag<\/strong><\/p>\n\n\n\n<p>Wir sind Ihr zuverl\u00e4ssiger Partner f\u00fcr Sch\u00fcttgut-Transporte.<\/p>\n\n\n\n<p>Mit unseren 4- und 5-Achs-Kippfahrzeugen f\u00fchren wir gerne auch\u00a0Ihre Auftr\u00e4ge\u00a0aus.<\/p>\n","protected":false},"excerpt":{"rendered":"<p>Aushub \u2013 Kies \u2013 Sand \u2013 Beton \u2013 Belag Wir sind Ihr zuverl\u00e4ssiger Partner f\u00fcr Sch\u00fcttgut-Transporte. Mit unseren 4- und 5-Achs-Kippfahrzeugen f\u00fchren wir gerne auch\u00a0Ihre Auftr\u00e4ge\u00a0aus.<\/p>\n","protected":false},"author":1,"featured_media":0,"parent":0,"menu_order":2,"comment_status":"closed","ping_status":"closed","template":"page-templates\/full-width.php","meta":{"footnotes":""},"_links":{"self":[{"href":"http:\/\/hauser-transporte.ch\/index.php?rest_route=\/wp\/v2\/pages\/9"}],"collection":[{"href":"http:\/\/hauser-transporte.ch\/index.php?rest_route=\/wp\/v2\/pages"}],"about":[{"href":"http:\/\/hauser-transporte.ch\/index.php?rest_route=\/wp\/v2\/types\/page"}],"author":[{"embeddable":true,"href":"http:\/\/hauser-transporte.ch\/index.php?rest_route=\/wp\/v2\/users\/1"}],"replies":[{"embeddable":true,"href":"http:\/\/hauser-transporte.ch\/index.php?rest_route=%2Fwp%2Fv2%2Fcomments&post=9"}],"version-history":[{"count":26,"href":"http:\/\/hauser-transporte.ch\/index.php?rest_route=\/wp\/v2\/pages\/9\/revisions"}],"predecessor-version":[{"id":112,"href":"http:\/\/hauser-transporte.ch\/index.php?rest_route=\/wp\/v2\/pages\/9\/revisions\/112"}],"wp:attachment":[{"href":"http:\/\/hauser-transporte.ch\/index.php?rest_route=%2Fwp%2Fv2%2Fmedia&parent=9"}],"curies":[{"name":"wp","href":"https:\/\/api.w.org\/{rel}","templated":true}]}}